{"id":183,"date":"2025-01-28T12:11:22","date_gmt":"2025-01-28T12:11:22","guid":{"rendered":"https:\/\/suertesdelmarques.circulanet.es\/?page_id=183"},"modified":"2025-02-20T18:55:18","modified_gmt":"2025-02-20T18:55:18","slug":"accesibilidad","status":"publish","type":"page","link":"https:\/\/suertesdelmarques.es\/eng\/accesibilidad\/","title":{"rendered":"Accesibilidad"},"content":{"rendered":"<p>Declaraci\u00f3n de accesibilidad<\/p>\n\n\n\n<p>Se ha comprometido a hacer accesible su sitio web, de conformidad con normativa WCAG 2.1 en materia de accesibilidad y que se utiliza como evidencia de la justificaci\u00f3n del criterio de accesibilidad del Programa Kit Digital. Est\u00e1 estructurado conforme a los anexos de la norma UNE-EN 301 549:2022. La presente declaraci\u00f3n de accesibilidad se aplica al sitio web <a href=\"https:\/\/suertesdelmarques.es\/eng\/\">https:\/\/suertesdelmarques.es\/<\/a>&nbsp;<\/p>","protected":false},"excerpt":{"rendered":"<p>Declaraci\u00f3n de accesibilidad Se ha comprometido a hacer accesible su sitio web, de conformidad con normativa WCAG 2.1 en materia de accesibilidad y que se utiliza<span class=\"excerpt-hellip\"> [\u2026]<\/span><\/p>","protected":false},"author":1,"featured_media":0,"parent":0,"menu_order":0,"comment_status":"closed","ping_status":"closed","template":"","meta":{"footnotes":""},"class_list":["post-183","page","type-page","status-publish","hentry"],"_links":{"self":[{"href":"https:\/\/suertesdelmarques.es\/eng\/wp-json\/wp\/v2\/pages\/183","targetHints":{"allow":["GET"]}}],"collection":[{"href":"https:\/\/suertesdelmarques.es\/eng\/wp-json\/wp\/v2\/pages"}],"about":[{"href":"https:\/\/suertesdelmarques.es\/eng\/wp-json\/wp\/v2\/types\/page"}],"author":[{"embeddable":true,"href":"https:\/\/suertesdelmarques.es\/eng\/wp-json\/wp\/v2\/users\/1"}],"replies":[{"embeddable":true,"href":"https:\/\/suertesdelmarques.es\/eng\/wp-json\/wp\/v2\/comments?post=183"}],"version-history":[{"count":2,"href":"https:\/\/suertesdelmarques.es\/eng\/wp-json\/wp\/v2\/pages\/183\/revisions"}],"predecessor-version":[{"id":396,"href":"https:\/\/suertesdelmarques.es\/eng\/wp-json\/wp\/v2\/pages\/183\/revisions\/396"}],"wp:attachment":[{"href":"https:\/\/suertesdelmarques.es\/eng\/wp-json\/wp\/v2\/media?parent=183"}],"curies":[{"name":"wp","href":"https:\/\/api.w.org\/{rel}","templated":true}]}}