{"id":188,"date":"2025-01-28T12:12:02","date_gmt":"2025-01-28T12:12:02","guid":{"rendered":"https:\/\/suertesdelmarques.circulanet.es\/?page_id=188"},"modified":"2025-02-20T18:56:13","modified_gmt":"2025-02-20T18:56:13","slug":"politicaprivacidad","status":"publish","type":"page","link":"https:\/\/suertesdelmarques.es\/eng\/politicaprivacidad\/","title":{"rendered":"Pol\u00edtica de privacidad"},"content":{"rendered":"<p>En SUERTE DEL MARQU\u00c9S. respetamos tu privacidad y estamos comprometidos a proteger tus datos personales. Recopilamos informaci\u00f3n personal como nombre, direcci\u00f3n, correo electr\u00f3nico y n\u00famero de tel\u00e9fono solo cuando la proporcionamos voluntariamente para construcci\u00f3n y decoraci\u00f3n.<\/p>\n\n\n\n<p>**Uso de los Datos Personales**<\/p>\n\n\n\n<p>Utilizamos tus datos personales s\u00f3lo para los fines para los que fueron proporcionados. No compartiremos tus datos con terceros sin tu consentimiento.<\/p>\n\n\n\n<p>**Seguridad de los Datos**<\/p>\n\n\n\n<p>Tomamos medidas de seguridad para proteger tus datos personales y garantizar su confidencialidad.<\/p>\n\n\n\n<p>**Derechos de Acceso, Rectificaci\u00f3n y Eliminaci\u00f3n**<\/p>\n\n\n\n<p>Tienes derecho a acceder, rectificar o eliminar tus datos personales. Si deseas ejercer estos derechos, cont\u00e1ctanos ventas@suertesdelmarques.com<\/p>\n\n\n\n<p>**Cambios en la Pol\u00edtica de Privacidad**<\/p>\n\n\n\n<p>Nos reservamos el derecho de actualizar nuestra pol\u00edtica de privacidad en el futuro. Cualquier cambio se publicar\u00e1 en esta p\u00e1gina.<\/p>\n\n\n\n<p>Fecha de la \u00faltima actualizaci\u00f3n: 22\/01\/2025<\/p>","protected":false},"excerpt":{"rendered":"<p>En SUERTE DEL MARQU\u00c9S. respetamos tu privacidad y estamos comprometidos a proteger tus datos personales. Recopilamos informaci\u00f3n personal como nombre, direcci\u00f3n, correo electr\u00f3nico y n\u00famero de<span class=\"excerpt-hellip\"> [\u2026]<\/span><\/p>","protected":false},"author":1,"featured_media":0,"parent":0,"menu_order":0,"comment_status":"closed","ping_status":"closed","template":"","meta":{"footnotes":""},"class_list":["post-188","page","type-page","status-publish","hentry"],"_links":{"self":[{"href":"https:\/\/suertesdelmarques.es\/eng\/wp-json\/wp\/v2\/pages\/188","targetHints":{"allow":["GET"]}}],"collection":[{"href":"https:\/\/suertesdelmarques.es\/eng\/wp-json\/wp\/v2\/pages"}],"about":[{"href":"https:\/\/suertesdelmarques.es\/eng\/wp-json\/wp\/v2\/types\/page"}],"author":[{"embeddable":true,"href":"https:\/\/suertesdelmarques.es\/eng\/wp-json\/wp\/v2\/users\/1"}],"replies":[{"embeddable":true,"href":"https:\/\/suertesdelmarques.es\/eng\/wp-json\/wp\/v2\/comments?post=188"}],"version-history":[{"count":3,"href":"https:\/\/suertesdelmarques.es\/eng\/wp-json\/wp\/v2\/pages\/188\/revisions"}],"predecessor-version":[{"id":397,"href":"https:\/\/suertesdelmarques.es\/eng\/wp-json\/wp\/v2\/pages\/188\/revisions\/397"}],"wp:attachment":[{"href":"https:\/\/suertesdelmarques.es\/eng\/wp-json\/wp\/v2\/media?parent=188"}],"curies":[{"name":"wp","href":"https:\/\/api.w.org\/{rel}","templated":true}]}}